{"id":49,"date":"2019-12-22T13:52:46","date_gmt":"2019-12-22T12:52:46","guid":{"rendered":"http:\/\/tierslieux-saintclaud.fr\/?page_id=49"},"modified":"2024-10-29T09:01:38","modified_gmt":"2024-10-29T08:01:38","slug":"les-activites","status":"publish","type":"page","link":"https:\/\/tierslieux-saintclaud.fr\/","title":{"rendered":"Les activit\u00e9s"},"content":{"rendered":"\n<p><strong>Repair caf\u00e9 informatique<\/strong><\/p>\n\n\n\n<p>Les samedis de 9h30 \u00e0 12h00.<\/p>\n\n\n\n<p>R\u00e9habilitation de pc dans l&rsquo;optique de r\u00e9parer plut\u00f4t que jeter, mais aussi accompagnement \u00e0 l&rsquo;utilisation de l&rsquo;informatique.<\/p>\n\n\n\n<p><strong>Modelage<\/strong><\/p>\n\n\n\n<p>Samedi de 10h \u00e0 12h<\/p>\n\n\n\n<p><strong>Atelier sourcier<\/strong><\/p>\n\n\n\n<p>Samedi de 14h \u00e0 16h<\/p>\n\n\n\n<p><strong>Couture, broderie,  peinture sur tissus<\/strong><\/p>\n\n\n\n<p>Lundi de 14h \u00e0 18h<\/p>\n\n\n\n<p><strong> Conception objets en cuir<\/strong><\/p>\n\n\n\n<p>Les samedis de 10h \u00e0 13h<\/p>\n\n\n\n<p><\/p>\n\n\n\n<p><strong>Biblioth\u00e8que<\/strong><\/p>\n\n\n\n<p>Pr\u00eat de livre<\/p>\n\n\n\n<p>Le lundi de 14h \u00e0 18h<\/p>\n\n\n\n<p><strong>Journ\u00e9e jeux<\/strong><\/p>\n\n\n\n<figure class=\"wp-block-gallery has-nested-images columns-default is-cropped wp-block-gallery-1 is-layout-flex wp-block-gallery-is-layout-flex\">\n<figure class=\"wp-block-image size-large\"><img loading=\"lazy\" decoding=\"async\" width=\"1024\" height=\"1024\" data-id=\"178\" src=\"https:\/\/tierslieux-saintclaud.fr\/wp-content\/uploads\/2024\/10\/1730180589155-1-1024x1024.jpg\" alt=\"\" class=\"wp-image-178\" srcset=\"https:\/\/tierslieux-saintclaud.fr\/wp-content\/uploads\/2024\/10\/1730180589155-1-1024x1024.jpg 1024w, https:\/\/tierslieux-saintclaud.fr\/wp-content\/uploads\/2024\/10\/1730180589155-1-300x300.jpg 300w, https:\/\/tierslieux-saintclaud.fr\/wp-content\/uploads\/2024\/10\/1730180589155-1-150x150.jpg 150w, https:\/\/tierslieux-saintclaud.fr\/wp-content\/uploads\/2024\/10\/1730180589155-1-768x768.jpg 768w, https:\/\/tierslieux-saintclaud.fr\/wp-content\/uploads\/2024\/10\/1730180589155-1-1536x1536.jpg 1536w, https:\/\/tierslieux-saintclaud.fr\/wp-content\/uploads\/2024\/10\/1730180589155-1-2048x2048.jpg 2048w, https:\/\/tierslieux-saintclaud.fr\/wp-content\/uploads\/2024\/10\/1730180589155-1-100x100.jpg 100w\" sizes=\"(max-width: 706px) 89vw, (max-width: 767px) 82vw, 740px\" \/><\/figure>\n\n\n\n<figure class=\"wp-block-image size-large\"><img loading=\"lazy\" decoding=\"async\" width=\"1024\" height=\"766\" data-id=\"179\" src=\"https:\/\/tierslieux-saintclaud.fr\/wp-content\/uploads\/2024\/10\/4482564364917600234-1024x766.jpg\" alt=\"\" class=\"wp-image-179\" srcset=\"https:\/\/tierslieux-saintclaud.fr\/wp-content\/uploads\/2024\/10\/4482564364917600234-1024x766.jpg 1024w, https:\/\/tierslieux-saintclaud.fr\/wp-content\/uploads\/2024\/10\/4482564364917600234-300x224.jpg 300w, https:\/\/tierslieux-saintclaud.fr\/wp-content\/uploads\/2024\/10\/4482564364917600234-768x574.jpg 768w, https:\/\/tierslieux-saintclaud.fr\/wp-content\/uploads\/2024\/10\/4482564364917600234-1536x1149.jpg 1536w, https:\/\/tierslieux-saintclaud.fr\/wp-content\/uploads\/2024\/10\/4482564364917600234.jpg 1599w\" sizes=\"(max-width: 706px) 89vw, (max-width: 767px) 82vw, 740px\" \/><\/figure>\n\n\n\n<figure class=\"wp-block-image size-large\"><img loading=\"lazy\" decoding=\"async\" width=\"766\" height=\"1024\" data-id=\"182\" src=\"https:\/\/tierslieux-saintclaud.fr\/wp-content\/uploads\/2024\/10\/8248320632715641506-766x1024.jpg\" alt=\"\" class=\"wp-image-182\" srcset=\"https:\/\/tierslieux-saintclaud.fr\/wp-content\/uploads\/2024\/10\/8248320632715641506-766x1024.jpg 766w, https:\/\/tierslieux-saintclaud.fr\/wp-content\/uploads\/2024\/10\/8248320632715641506-224x300.jpg 224w, https:\/\/tierslieux-saintclaud.fr\/wp-content\/uploads\/2024\/10\/8248320632715641506-768x1027.jpg 768w, https:\/\/tierslieux-saintclaud.fr\/wp-content\/uploads\/2024\/10\/8248320632715641506-1149x1536.jpg 1149w, https:\/\/tierslieux-saintclaud.fr\/wp-content\/uploads\/2024\/10\/8248320632715641506.jpg 1196w\" sizes=\"(max-width: 706px) 89vw, (max-width: 767px) 82vw, 740px\" \/><\/figure>\n<\/figure>\n\n\n\n<div class=\"wp-block-group\"><div class=\"wp-block-group__inner-container is-layout-flow wp-block-group-is-layout-flow\">\n<figure class=\"wp-block-gallery has-nested-images columns-default is-cropped wp-block-gallery-2 is-layout-flex wp-block-gallery-is-layout-flex\">\n<figure class=\"wp-block-image size-large\"><img loading=\"lazy\" decoding=\"async\" width=\"1024\" height=\"766\" src=\"https:\/\/tierslieux-saintclaud.fr\/wp-content\/uploads\/2024\/10\/1711900481367-1024x766.jpg\" alt=\"\" class=\"wp-image-181\" srcset=\"https:\/\/tierslieux-saintclaud.fr\/wp-content\/uploads\/2024\/10\/1711900481367-1024x766.jpg 1024w, https:\/\/tierslieux-saintclaud.fr\/wp-content\/uploads\/2024\/10\/1711900481367-300x224.jpg 300w, https:\/\/tierslieux-saintclaud.fr\/wp-content\/uploads\/2024\/10\/1711900481367-768x574.jpg 768w, https:\/\/tierslieux-saintclaud.fr\/wp-content\/uploads\/2024\/10\/1711900481367-1536x1149.jpg 1536w, https:\/\/tierslieux-saintclaud.fr\/wp-content\/uploads\/2024\/10\/1711900481367-2048x1532.jpg 2048w\" sizes=\"(max-width: 706px) 89vw, (max-width: 767px) 82vw, 740px\" \/><\/figure>\n<\/figure>\n<\/div><\/div>\n\n\n\n<p><\/p>\n","protected":false},"excerpt":{"rendered":"<p>Repair caf\u00e9 informatique Les samedis de 9h30 \u00e0 12h00. R\u00e9habilitation de pc dans l&rsquo;optique de r\u00e9parer plut\u00f4t que jeter, mais aussi accompagnement \u00e0 l&rsquo;utilisation de l&rsquo;informatique. Modelage Samedi de 10h \u00e0 12h Atelier sourcier Samedi de 14h \u00e0 16h Couture, broderie, peinture sur tissus Lundi de 14h \u00e0 18h Conception objets en cuir Les samedis &hellip; <\/p>\n<p class=\"link-more\"><a href=\"https:\/\/tierslieux-saintclaud.fr\/\" class=\"more-link\">Continuer la lecture<span class=\"screen-reader-text\"> de &laquo;&nbsp;Les activit\u00e9s&nbsp;&raquo;<\/span><\/a><\/p>\n","protected":false},"author":1,"featured_media":0,"parent":0,"menu_order":0,"comment_status":"closed","ping_status":"closed","template":"","meta":{"footnotes":""},"class_list":["post-49","page","type-page","status-publish","hentry"],"_links":{"self":[{"href":"https:\/\/tierslieux-saintclaud.fr\/index.php\/wp-json\/wp\/v2\/pages\/49"}],"collection":[{"href":"https:\/\/tierslieux-saintclaud.fr\/index.php\/wp-json\/wp\/v2\/pages"}],"about":[{"href":"https:\/\/tierslieux-saintclaud.fr\/index.php\/wp-json\/wp\/v2\/types\/page"}],"author":[{"embeddable":true,"href":"https:\/\/tierslieux-saintclaud.fr\/index.php\/wp-json\/wp\/v2\/users\/1"}],"replies":[{"embeddable":true,"href":"https:\/\/tierslieux-saintclaud.fr\/index.php\/wp-json\/wp\/v2\/comments?post=49"}],"version-history":[{"count":15,"href":"https:\/\/tierslieux-saintclaud.fr\/index.php\/wp-json\/wp\/v2\/pages\/49\/revisions"}],"predecessor-version":[{"id":183,"href":"https:\/\/tierslieux-saintclaud.fr\/index.php\/wp-json\/wp\/v2\/pages\/49\/revisions\/183"}],"wp:attachment":[{"href":"https:\/\/tierslieux-saintclaud.fr\/index.php\/wp-json\/wp\/v2\/media?parent=49"}],"curies":[{"name":"wp","href":"https:\/\/api.w.org\/{rel}","templated":true}]}}