{"id":51,"date":"2019-12-22T13:53:22","date_gmt":"2019-12-22T12:53:22","guid":{"rendered":"http:\/\/tierslieux-saintclaud.fr\/?page_id=51"},"modified":"2019-12-30T09:30:34","modified_gmt":"2019-12-30T08:30:34","slug":"les-partenaires","status":"publish","type":"page","link":"https:\/\/tierslieux-saintclaud.fr\/index.php\/les-partenaires\/","title":{"rendered":"Les partenaires"},"content":{"rendered":"\n<p>Chaque adh\u00e9rent au tiers lieu \u00ab\u00a0La tirelire\u00a0\u00bb devient un usager qui a la possibilit\u00e9 d&rsquo;utiliser le mat\u00e9riel et les locaux.  Vous b\u00e9n\u00e9ficierez \u00e9galement de services comme  la promotion de votre entreprise ou association sur la page \u00ab\u00a0partenaires\u00a0\u00bb.<\/p>\n\n\n\n<p>N&rsquo;h\u00e9sitez pas \u00e0 nous contacter pour connaitre les tarifs.<\/p>\n","protected":false},"excerpt":{"rendered":"<p>Chaque adh\u00e9rent au tiers lieu \u00ab\u00a0La tirelire\u00a0\u00bb devient un usager qui a la possibilit\u00e9 d&rsquo;utiliser le mat\u00e9riel et les locaux. Vous b\u00e9n\u00e9ficierez \u00e9galement de services comme la promotion de votre entreprise ou association sur la page \u00ab\u00a0partenaires\u00a0\u00bb. N&rsquo;h\u00e9sitez pas \u00e0 nous contacter pour connaitre les tarifs.<\/p>\n","protected":false},"author":1,"featured_media":0,"parent":0,"menu_order":0,"comment_status":"closed","ping_status":"closed","template":"","meta":{"footnotes":""},"class_list":["post-51","page","type-page","status-publish","hentry"],"_links":{"self":[{"href":"https:\/\/tierslieux-saintclaud.fr\/index.php\/wp-json\/wp\/v2\/pages\/51"}],"collection":[{"href":"https:\/\/tierslieux-saintclaud.fr\/index.php\/wp-json\/wp\/v2\/pages"}],"about":[{"href":"https:\/\/tierslieux-saintclaud.fr\/index.php\/wp-json\/wp\/v2\/types\/page"}],"author":[{"embeddable":true,"href":"https:\/\/tierslieux-saintclaud.fr\/index.php\/wp-json\/wp\/v2\/users\/1"}],"replies":[{"embeddable":true,"href":"https:\/\/tierslieux-saintclaud.fr\/index.php\/wp-json\/wp\/v2\/comments?post=51"}],"version-history":[{"count":2,"href":"https:\/\/tierslieux-saintclaud.fr\/index.php\/wp-json\/wp\/v2\/pages\/51\/revisions"}],"predecessor-version":[{"id":130,"href":"https:\/\/tierslieux-saintclaud.fr\/index.php\/wp-json\/wp\/v2\/pages\/51\/revisions\/130"}],"wp:attachment":[{"href":"https:\/\/tierslieux-saintclaud.fr\/index.php\/wp-json\/wp\/v2\/media?parent=51"}],"curies":[{"name":"wp","href":"https:\/\/api.w.org\/{rel}","templated":true}]}}